{"id":158,"date":"2020-02-17T15:00:20","date_gmt":"2020-02-17T15:00:20","guid":{"rendered":"http:\/\/bizix.premiumthemes.in\/?page_id=158"},"modified":"2020-11-22T19:08:35","modified_gmt":"2020-11-22T19:08:35","slug":"anasayfa","status":"publish","type":"page","link":"http:\/\/www.yaprakkagit.com\/en\/","title":{"rendered":"Home"},"content":{"rendered":"<div data-elementor-type=\"wp-page\" data-elementor-id=\"158\" class=\"elementor elementor-158\" data-elementor-settings=\"[]\">\n\t\t\t\t\t\t<div class=\"elementor-inner\">\n\t\t\t\t\t\t\t<div class=\"elementor-section-wrap\">\n\t\t\t\t\t\t\t<section class=\"elementor-section elementor-top-section elementor-element elementor-element-66881864 elementor-section-stretched elementor-section-boxed elementor-section-height-default elementor-section-height-default\" data-id=\"66881864\" data-element_type=\"section\" data-settings=\"{&quot;stretch_section&quot;:&quot;section-stretched&quot;}\">\n\t\t\t\t\t\t<div class=\"elementor-container elementor-column-gap-no\">\n\t\t\t\t\t\t\t<div class=\"elementor-row\">\n\t\t\t\t\t<div class=\"elementor-column elementor-col-50 elementor-top-column elementor-element elementor-element-125c2ecd\" data-id=\"125c2ecd\" data-element_type=\"column\">\n\t\t\t<div class=\"elementor-column-wrap elementor-element-populated\">\n\t\t\t\t\t\t\t<div class=\"elementor-widget-wrap\">\n\t\t\t\t\t\t<div class=\"elementor-element elementor-element-5439f5b3 elementor-widget elementor-widget-image\" data-id=\"5439f5b3\" data-element_type=\"widget\" data-widget_type=\"image.default\">\n\t\t\t\t<div class=\"elementor-widget-container\">\n\t\t\t\t\t<div class=\"elementor-image\">\n\t\t\t\t\t\t\t\t\t\t<img width=\"512\" height=\"512\" src=\"http:\/\/www.yaprakkagit.com\/wp-content\/uploads\/2020\/10\/yaprak1.jpg\" class=\"attachment-full size-full\" alt=\"\" loading=\"lazy\" srcset=\"http:\/\/www.yaprakkagit.com\/wp-content\/uploads\/2020\/10\/yaprak1.jpg 512w, http:\/\/www.yaprakkagit.com\/wp-content\/uploads\/2020\/10\/yaprak1-300x300.jpg 300w, http:\/\/www.yaprakkagit.com\/wp-content\/uploads\/2020\/10\/yaprak1-150x150.jpg 150w, http:\/\/www.yaprakkagit.com\/wp-content\/uploads\/2020\/10\/yaprak1-90x90.jpg 90w\" sizes=\"(max-width: 512px) 100vw, 512px\" \/>\t\t\t\t\t\t\t\t\t\t\t<\/div>\n\t\t\t\t<\/div>\n\t\t\t\t<\/div>\n\t\t\t\t\t\t<\/div>\n\t\t\t\t\t<\/div>\n\t\t<\/div>\n\t\t\t\t<div class=\"elementor-column elementor-col-50 elementor-top-column elementor-element elementor-element-1b7c9fb3\" data-id=\"1b7c9fb3\" data-element_type=\"column\">\n\t\t\t<div class=\"elementor-column-wrap elementor-element-populated\">\n\t\t\t\t\t\t\t<div class=\"elementor-widget-wrap\">\n\t\t\t\t\t\t<div class=\"elementor-element elementor-element-4285cd2e gyan-title-st-line-after gyan-title-desc-left elementor-widget elementor-widget-gyan_title\" data-id=\"4285cd2e\" data-element_type=\"widget\" data-widget_type=\"gyan_title.default\">\n\t\t\t\t<div class=\"elementor-widget-container\">\n\t\t\t\t\t<div class=\"gyan-title\">\r\n\t\t\t<div class=\"gyan-title-subtitle\"><span>About Our Company<\/span><\/div><h2 class=\"gyan-title-heading\">KA\u011eITTA 20 YILI A\u015eAN TECR\u00dcBE...<\/h2><div class=\"gyan-title-desc\">Yaprak kag\u0131t 20 y\u0131l\u0131 a\u015fk\u0131n s\u00fcredir \u00fclkemizde k\u00e2\u011f\u0131t sekt\u00f6r\u00fcn'de \u00f6mc\u00fc firmalardan biri olman\u0131n hakl\u0131 gururunu ya\u015famaktay\u0131z.\n\nFirmam\u0131z, k\u00e2\u011f\u0131tla ilgili bir\u00e7ok yeni \u00fcr\u00fcn\u00fcn \u00fcretilmesi ve sekt\u00f6re kazand\u0131r\u0131lmas\u0131nda  \u00f6mc\u00fcl\u00fck yapm\u0131\u015fd\u0131r .Firmam\u0131z, arge yat\u0131r\u0131mlar\u0131na verdi\u011fi \u00f6nem, s\u00fcrekli yenilik ve kalitede s\u00fcrd\u00fcrebilirlik esaslar\u0131 ile m\u00fc\u015fteri memnuniyeti \u00f6l\u00e7\u00fclerini en \u00fcst seviyede tutmay\u0131 ba\u015farmaktad\u0131r.  <\/div>\t\t<\/div>\r\n\t\t\t\t<\/div>\n\t\t\t\t<\/div>\n\t\t\t\t<div class=\"elementor-element elementor-element-7308ca5e elementor-widget elementor-widget-text-editor\" data-id=\"7308ca5e\" data-element_type=\"widget\" data-widget_type=\"text-editor.default\">\n\t\t\t\t<div class=\"elementor-widget-container\">\n\t\t\t\t\t<div class=\"elementor-text-editor elementor-clearfix\"><p><em>K\u00e2\u011f\u0131t \u00fcretimi<\/em>\u00a0ve\u00a0<em>k\u00e2\u011f\u0131t hammaddeli \u00fcr\u00fcnlerin i\u015flenmesi<\/em>\u00a0ve\u00a0<em>\u00fcretilmesi konusundaki tecr\u00fcbelerimiz<\/em>,\u00a0<em>bize sekt\u00f6r<\/em>\u00a0i\u00e7in\u00a0<em>yeni \u00fcr\u00fcnler<\/em>\u00a0ve\u00a0<em>teknolojiler kazand\u0131rmak ad\u0131na kolayl\u0131k sa\u011flamaktad\u0131r<\/em>.<\/p><\/div>\n\t\t\t\t<\/div>\n\t\t\t\t<\/div>\n\t\t\t\t<div class=\"elementor-element elementor-element-14510f58 elementor-widget elementor-widget-button\" data-id=\"14510f58\" data-element_type=\"widget\" data-widget_type=\"button.default\">\n\t\t\t\t<div class=\"elementor-widget-container\">\n\t\t\t\t\t<div class=\"elementor-button-wrapper\">\n\t\t\t<a href=\"http:\/\/www.yaprakkagit.com\/en\/about-us\/\" class=\"elementor-button-link elementor-button elementor-size-sm\" role=\"button\">\n\t\t\t\t\t\t<span class=\"elementor-button-content-wrapper\">\n\t\t\t\t\t\t<span class=\"elementor-button-text\">Bizi Daha \u0130yi Tan\u0131y\u0131n<\/span>\n\t\t<\/span>\n\t\t\t\t\t<\/a>\n\t\t<\/div>\n\t\t\t\t<\/div>\n\t\t\t\t<\/div>\n\t\t\t\t\t\t<\/div>\n\t\t\t\t\t<\/div>\n\t\t<\/div>\n\t\t\t\t\t\t\t\t<\/div>\n\t\t\t\t\t<\/div>\n\t\t<\/section>\n\t\t\t\t<section class=\"elementor-section elementor-top-section elementor-element elementor-element-53b45fd4 elementor-section-boxed elementor-section-height-default elementor-section-height-default\" data-id=\"53b45fd4\" data-element_type=\"section\">\n\t\t\t\t\t\t<div class=\"elementor-container elementor-column-gap-no\">\n\t\t\t\t\t\t\t<div class=\"elementor-row\">\n\t\t\t\t\t<div class=\"elementor-column elementor-col-100 elementor-top-column elementor-element elementor-element-f21d4cb\" data-id=\"f21d4cb\" data-element_type=\"column\">\n\t\t\t<div class=\"elementor-column-wrap elementor-element-populated\">\n\t\t\t\t\t\t\t<div class=\"elementor-widget-wrap\">\n\t\t\t\t\t\t<div class=\"elementor-element elementor-element-307181bf elementor-widget-divider--view-line elementor-widget elementor-widget-divider\" data-id=\"307181bf\" data-element_type=\"widget\" data-widget_type=\"divider.default\">\n\t\t\t\t<div class=\"elementor-widget-container\">\n\t\t\t\t\t<div class=\"elementor-divider\">\n\t\t\t<span class=\"elementor-divider-separator\">\n\t\t\t\t\t\t<\/span>\n\t\t<\/div>\n\t\t\t\t<\/div>\n\t\t\t\t<\/div>\n\t\t\t\t\t\t<\/div>\n\t\t\t\t\t<\/div>\n\t\t<\/div>\n\t\t\t\t\t\t\t\t<\/div>\n\t\t\t\t\t<\/div>\n\t\t<\/section>\n\t\t\t\t<section class=\"elementor-section elementor-top-section elementor-element elementor-element-303869ea elementor-section-stretched elementor-section-boxed elementor-section-height-default elementor-section-height-default\" data-id=\"303869ea\" data-element_type=\"section\" data-settings=\"{&quot;stretch_section&quot;:&quot;section-stretched&quot;,&quot;background_background&quot;:&quot;classic&quot;}\">\n\t\t\t\t\t\t<div class=\"elementor-container elementor-column-gap-no\">\n\t\t\t\t\t\t\t<div class=\"elementor-row\">\n\t\t\t\t\t<div class=\"elementor-column elementor-col-100 elementor-top-column elementor-element elementor-element-472c4bf0\" data-id=\"472c4bf0\" data-element_type=\"column\">\n\t\t\t<div class=\"elementor-column-wrap elementor-element-populated\">\n\t\t\t\t\t\t\t<div class=\"elementor-widget-wrap\">\n\t\t\t\t\t\t<section class=\"elementor-section elementor-inner-section elementor-element elementor-element-3b4e0011 elementor-section-boxed elementor-section-height-default elementor-section-height-default\" data-id=\"3b4e0011\" data-element_type=\"section\">\n\t\t\t\t\t\t<div class=\"elementor-container elementor-column-gap-no\">\n\t\t\t\t\t\t\t<div class=\"elementor-row\">\n\t\t\t\t\t<div class=\"elementor-column elementor-col-33 elementor-inner-column elementor-element elementor-element-2cbc4b57\" data-id=\"2cbc4b57\" data-element_type=\"column\">\n\t\t\t<div class=\"elementor-column-wrap\">\n\t\t\t\t\t\t\t<div class=\"elementor-widget-wrap\">\n\t\t\t\t\t\t\t\t<\/div>\n\t\t\t\t\t<\/div>\n\t\t<\/div>\n\t\t\t\t<div class=\"elementor-column elementor-col-33 elementor-inner-column elementor-element elementor-element-51ef8805\" data-id=\"51ef8805\" data-element_type=\"column\">\n\t\t\t<div class=\"elementor-column-wrap elementor-element-populated\">\n\t\t\t\t\t\t\t<div class=\"elementor-widget-wrap\">\n\t\t\t\t\t\t<div class=\"elementor-element elementor-element-2e2b3695 gyan-title-st-line-after elementor-widget elementor-widget-gyan_title\" data-id=\"2e2b3695\" data-element_type=\"widget\" data-widget_type=\"gyan_title.default\">\n\t\t\t\t<div class=\"elementor-widget-container\">\n\t\t\t\t\t<div class=\"gyan-title\">\r\n\t\t\t<div class=\"gyan-title-subtitle\"><span>Yaprak Kagit<\/span><\/div><h2 class=\"gyan-title-heading\">Our products<\/h2>\t\t<\/div>\r\n\t\t\t\t<\/div>\n\t\t\t\t<\/div>\n\t\t\t\t<div class=\"elementor-element elementor-element-32ae23a elementor-widget elementor-widget-text-editor\" data-id=\"32ae23a\" data-element_type=\"widget\" data-widget_type=\"text-editor.default\">\n\t\t\t\t<div class=\"elementor-widget-container\">\n\t\t\t\t\t<div class=\"elementor-text-editor elementor-clearfix\"><\/div>\n\t\t\t\t<\/div>\n\t\t\t\t<\/div>\n\t\t\t\t\t\t<\/div>\n\t\t\t\t\t<\/div>\n\t\t<\/div>\n\t\t\t\t<div class=\"elementor-column elementor-col-33 elementor-inner-column elementor-element elementor-element-9e02311\" data-id=\"9e02311\" data-element_type=\"column\">\n\t\t\t<div class=\"elementor-column-wrap\">\n\t\t\t\t\t\t\t<div class=\"elementor-widget-wrap\">\n\t\t\t\t\t\t\t\t<\/div>\n\t\t\t\t\t<\/div>\n\t\t<\/div>\n\t\t\t\t\t\t\t\t<\/div>\n\t\t\t\t\t<\/div>\n\t\t<\/section>\n\t\t\t\t<div class=\"elementor-element elementor-element-203c1ae7 elementor-grid-4 elementor-grid-tablet-2 elementor-grid-mobile-1 elementor-widget elementor-widget-gyan_services_full_text\" data-id=\"203c1ae7\" data-element_type=\"widget\" data-settings=\"{&quot;columns&quot;:&quot;4&quot;,&quot;columns_tablet&quot;:&quot;2&quot;,&quot;columns_mobile&quot;:&quot;1&quot;}\" data-widget_type=\"gyan_services_full_text.default\">\n\t\t\t\t<div class=\"elementor-widget-container\">\n\t\t\t\n\t\t<div class=\"gyan-services-full-container gyan-services-full-container-203c1ae7\" data-layout=\"masonry\" data-rtl=\"false\">\n\n\t\t\t<div class=\"gyan-services-full-items gyan-elementor-grid\">\n\n\t\t\t\t\n\t\t\t\t\t<div class=\"gyan-service-full-item gyan-grid-item-wrap\">\n\t\t\t\t\t\t<div class=\"gyan-services-full gyan-grid-item gyan-ease-transition\">\n\t\t\t\t\t\t\t<div class=\"gyan-services-full-img\"><img src=\"http:\/\/www.yaprakkagit.com\/wp-content\/uploads\/2020\/10\/service4-kopya.jpg\" alt=\"\"><\/div><div class=\"gyan-services-full-content\"><div class=\"gyan-services-full-icon-wrap\"><div class=\"gyan-services-full-icon gyan-icon\"><img src=\"http:\/\/www.yaprakkagit.com\/wp-content\/uploads\/2020\/02\/icon-chat.png\" alt=\"\"><\/div><\/div><div class=\"gyan-services-full-title-desc\"><h6 class=\"gyan-services-full-title\"><a href=\"http:\/\/www.yaprakkagit.com\/en\/portfolio-item\/yaprak-ar-gold-kagit\/\" class=\"gyan-service-full-link\">Yaprak Ar Gold Kag\u0131t<\/a><\/h6><div class=\"gyan-services-full-desc\">Is\u0131 presinde \u00e7ok h\u0131zl\u0131 transfer s\u00fcresi oran\u0131\nM\u00fckemmel boya transfer verimlili\u011fi\nH\u0131zl\u0131 m\u00fcrekkep emilimi ve kuruma ko\u015fullar\u0131<\/div><\/div><a href=\"http:\/\/www.yaprakkagit.com\/en\/portfolio-item\/yaprak-ar-gold-kagit\/\" class=\"gyan-service-full-link gyan-services-full-button gyan-ease-transition gyan-flex\"><span class=\"gyan-services-full-button-text\">\u00dcr\u00fcn\u00fc \u0130ncele<\/span><span class=\"gyan-services-full-button-arrow\"><\/span><\/a><\/div>\t\t\t\t\t\t<\/div>\n\t\t\t\t\t<\/div>\n\n\t\t\t\t \n\t\t\t\t\t<div class=\"gyan-service-full-item gyan-grid-item-wrap\">\n\t\t\t\t\t\t<div class=\"gyan-services-full gyan-grid-item gyan-ease-transition\">\n\t\t\t\t\t\t\t<div class=\"gyan-services-full-img\"><img src=\"http:\/\/www.yaprakkagit.com\/wp-content\/uploads\/2020\/10\/service4-kopya.jpg\" alt=\"\"><\/div><div class=\"gyan-services-full-content\"><div class=\"gyan-services-full-icon-wrap\"><div class=\"gyan-services-full-icon gyan-icon\"><img src=\"http:\/\/www.yaprakkagit.com\/wp-content\/uploads\/2020\/02\/icon-chat.png\" alt=\"\"><\/div><\/div><div class=\"gyan-services-full-title-desc\"><h6 class=\"gyan-services-full-title\"><a href=\"http:\/\/www.yaprakkagit.com\/en\/portfolio-item\/yaprak-st-kagit\/\" class=\"gyan-service-full-link\">Yaprak- ST Kag\u0131t<\/a><\/h6><div class=\"gyan-services-full-desc\">Is\u0131 presinde \u00e7ok h\u0131zl\u0131 transfer s\u00fcresi oran\u0131\nM\u00fckemmel boya transfer verimlili\u011fi\nH\u0131zl\u0131 m\u00fcrekkep emilimi ve kuruma ko\u015fullar\u0131<\/div><\/div><a href=\"http:\/\/www.yaprakkagit.com\/en\/portfolio-item\/yaprak-st-kagit\/\" class=\"gyan-service-full-link gyan-services-full-button gyan-ease-transition gyan-flex\"><span class=\"gyan-services-full-button-text\">\u00dcr\u00fcn\u00fc \u0130ncele<\/span><span class=\"gyan-services-full-button-arrow\"><\/span><\/a><\/div>\t\t\t\t\t\t<\/div>\n\t\t\t\t\t<\/div>\n\n\t\t\t\t \n\t\t\t\t\t<div class=\"gyan-service-full-item gyan-grid-item-wrap\">\n\t\t\t\t\t\t<div class=\"gyan-services-full gyan-grid-item gyan-ease-transition\">\n\t\t\t\t\t\t\t<div class=\"gyan-services-full-img\"><img src=\"http:\/\/www.yaprakkagit.com\/wp-content\/uploads\/2020\/10\/service4-kopya.jpg\" alt=\"\"><\/div><div class=\"gyan-services-full-content\"><div class=\"gyan-services-full-icon-wrap\"><div class=\"gyan-services-full-icon gyan-icon\"><img src=\"http:\/\/www.yaprakkagit.com\/wp-content\/uploads\/2020\/02\/icon-chat.png\" alt=\"\"><\/div><\/div><div class=\"gyan-services-full-title-desc\"><h6 class=\"gyan-services-full-title\"><a href=\"http:\/\/www.yaprakkagit.com\/en\/portfolio-item\/yaprak-hb-kagit\/\" class=\"gyan-service-full-link\">Yaprak - HB Kag\u0131t<\/a><\/h6><div class=\"gyan-services-full-desc\">Is\u0131 presinde \u00e7ok h\u0131zl\u0131 transfer s\u00fcresi oran\u0131\nM\u00fckemmel boya transfer verimlili\u011fi\nH\u0131zl\u0131 m\u00fcrekkep emilimi ve kuruma ko\u015fullar\u0131<\/div><\/div><a href=\"http:\/\/www.yaprakkagit.com\/en\/portfolio-item\/yaprak-hb-kagit\/\" class=\"gyan-service-full-link gyan-services-full-button gyan-ease-transition gyan-flex\"><span class=\"gyan-services-full-button-text\">\u00dcr\u00fcn\u00fc \u0130ncele<\/span><span class=\"gyan-services-full-button-arrow\"><\/span><\/a><\/div>\t\t\t\t\t\t<\/div>\n\t\t\t\t\t<\/div>\n\n\t\t\t\t \n\t\t\t\t\t<div class=\"gyan-service-full-item gyan-grid-item-wrap\">\n\t\t\t\t\t\t<div class=\"gyan-services-full gyan-grid-item gyan-ease-transition\">\n\t\t\t\t\t\t\t<div class=\"gyan-services-full-img\"><img src=\"http:\/\/www.yaprakkagit.com\/wp-content\/uploads\/2020\/10\/service4-kopya.jpg\" alt=\"\"><\/div><div class=\"gyan-services-full-content\"><div class=\"gyan-services-full-icon-wrap\"><div class=\"gyan-services-full-icon gyan-icon\"><img src=\"http:\/\/www.yaprakkagit.com\/wp-content\/uploads\/2020\/02\/icon-chat.png\" alt=\"\"><\/div><\/div><div class=\"gyan-services-full-title-desc\"><h6 class=\"gyan-services-full-title\"><a href=\"http:\/\/www.yaprakkagit.com\/en\/portfolio-item\/koruma-kagitlari\/\" class=\"gyan-service-full-link\">Protection Papers<\/a><\/h6><div class=\"gyan-services-full-desc\">Is\u0131 presinde \u00e7ok h\u0131zl\u0131 transfer s\u00fcresi oran\u0131\nM\u00fckemmel boya transfer verimlili\u011fi\nH\u0131zl\u0131 m\u00fcrekkep emilimi ve kuruma ko\u015fullar\u0131<\/div><\/div><a href=\"http:\/\/www.yaprakkagit.com\/en\/portfolio-item\/koruma-kagitlari\/\" class=\"gyan-service-full-link gyan-services-full-button gyan-ease-transition gyan-flex\"><span class=\"gyan-services-full-button-text\">\u00dcr\u00fcn\u00fc \u0130ncele<\/span><span class=\"gyan-services-full-button-arrow\"><\/span><\/a><\/div>\t\t\t\t\t\t<\/div>\n\t\t\t\t\t<\/div>\n\n\t\t\t\t \n\t\t\t <\/div> <!-- gyan-services-full-items -->\n\t\t\t <div class=\"clear\"><\/div>\n\n\t\t<\/div>\n\n\t\t\t<\/div>\n\t\t\t\t<\/div>\n\t\t\t\t\t\t<\/div>\n\t\t\t\t\t<\/div>\n\t\t<\/div>\n\t\t\t\t\t\t\t\t<\/div>\n\t\t\t\t\t<\/div>\n\t\t<\/section>\n\t\t\t\t<section class=\"elementor-section elementor-top-section elementor-element elementor-element-24a63b1 elementor-section-stretched elementor-section-boxed elementor-section-height-default elementor-section-height-default\" data-id=\"24a63b1\" data-element_type=\"section\" data-settings=\"{&quot;stretch_section&quot;:&quot;section-stretched&quot;}\">\n\t\t\t\t\t\t<div class=\"elementor-container elementor-column-gap-no\">\n\t\t\t\t\t\t\t<div class=\"elementor-row\">\n\t\t\t\t\t<div class=\"elementor-column elementor-col-100 elementor-top-column elementor-element elementor-element-218680bd\" data-id=\"218680bd\" data-element_type=\"column\">\n\t\t\t<div class=\"elementor-column-wrap elementor-element-populated\">\n\t\t\t\t\t\t\t<div class=\"elementor-widget-wrap\">\n\t\t\t\t\t\t<section class=\"elementor-section elementor-inner-section elementor-element elementor-element-4e15137b elementor-section-boxed elementor-section-height-default elementor-section-height-default\" data-id=\"4e15137b\" data-element_type=\"section\">\n\t\t\t\t\t\t<div class=\"elementor-container elementor-column-gap-no\">\n\t\t\t\t\t\t\t<div class=\"elementor-row\">\n\t\t\t\t\t<div class=\"elementor-column elementor-col-33 elementor-inner-column elementor-element elementor-element-6af2a86\" data-id=\"6af2a86\" data-element_type=\"column\">\n\t\t\t<div class=\"elementor-column-wrap\">\n\t\t\t\t\t\t\t<div class=\"elementor-widget-wrap\">\n\t\t\t\t\t\t\t\t<\/div>\n\t\t\t\t\t<\/div>\n\t\t<\/div>\n\t\t\t\t<div class=\"elementor-column elementor-col-33 elementor-inner-column elementor-element elementor-element-1689587\" data-id=\"1689587\" data-element_type=\"column\">\n\t\t\t<div class=\"elementor-column-wrap elementor-element-populated\">\n\t\t\t\t\t\t\t<div class=\"elementor-widget-wrap\">\n\t\t\t\t\t\t<div class=\"elementor-element elementor-element-4c4e2e8 gyan-title-st-line-after elementor-widget elementor-widget-gyan_title\" data-id=\"4c4e2e8\" data-element_type=\"widget\" data-widget_type=\"gyan_title.default\">\n\t\t\t\t<div class=\"elementor-widget-container\">\n\t\t\t\t\t<div class=\"gyan-title\">\r\n\t\t\t<div class=\"gyan-title-subtitle\"><span>Yaprak Kagit<\/span><\/div><h2 class=\"gyan-title-heading\">Haber ve Duyurular<\/h2>\t\t<\/div>\r\n\t\t\t\t<\/div>\n\t\t\t\t<\/div>\n\t\t\t\t\t\t<\/div>\n\t\t\t\t\t<\/div>\n\t\t<\/div>\n\t\t\t\t<div class=\"elementor-column elementor-col-33 elementor-inner-column elementor-element elementor-element-7b6f621\" data-id=\"7b6f621\" data-element_type=\"column\">\n\t\t\t<div class=\"elementor-column-wrap\">\n\t\t\t\t\t\t\t<div class=\"elementor-widget-wrap\">\n\t\t\t\t\t\t\t\t<\/div>\n\t\t\t\t\t<\/div>\n\t\t<\/div>\n\t\t\t\t\t\t\t\t<\/div>\n\t\t\t\t\t<\/div>\n\t\t<\/section>\n\t\t\t\t<div class=\"elementor-element elementor-element-59e48190 elementor-grid-2 elementor-grid-tablet-2 elementor-grid-mobile-1 elementor-widget elementor-widget-gyan_post_grid\" data-id=\"59e48190\" data-element_type=\"widget\" data-settings=\"{&quot;columns&quot;:&quot;2&quot;,&quot;columns_tablet&quot;:&quot;2&quot;,&quot;columns_mobile&quot;:&quot;1&quot;}\" data-widget_type=\"gyan_post_grid.default\">\n\t\t\t\t<div class=\"elementor-widget-container\">\n\t\t\t        <div class=\"gyan-post-grid-container gyan-post-grid-s2 gyan-post-grid-container-59e48190\" data-layout=\"grid\" data-rtl=\"false\">\n\n            \n            <div class=\"gyan-post-grid gyan-elementor-grid\">\n                \n<div class=\"gyan-post-grid-item gyan-grid-item-wrap cat-1\">\n    <div class=\"gyan-post-grid-item-inner gyan-grid-item\">\n\n        <div class=\"gyan-post-grid-item-holder gyan-ease-transition\">\n\n            \n                <div class=\"gyan-post-image\">\n\n                    <span class=\"gyan-post-grid-pf-bg\" style=\"background-image:url(http:\/\/www.yaprakkagit.com\/wp-content\/uploads\/2020\/11\/yapran12.jpg);\"><\/span>\n                    <div class=\"gyan-post-grid-meta gyan-ease-transition\">\n        <ul><li><span class=\"gyan-love\" data-id=\"1\"><i class=\"fas fa-heart fas-regular\"><\/i><i class=\"fas fa-heart\"><\/i><span class=\"gyan-like-number\">0<\/span><\/span><\/li><li><span class=\"gyan-postmeta-icon\"><i class=\"fas fa-eye\"><\/i><\/span><span class=\"gyan-postmeta-text\">0<\/span><\/li><li><span class=\"gyan-postmeta-icon\"><i class=\"fas fa-comment-dots\"><\/i><\/span><span class=\"gyan-postmeta-text\"><a href=\"http:\/\/www.yaprakkagit.com\/en\/hello-world\/#respond\">0<\/a><\/span><\/li><\/ul>\n    <\/div>\n    <div class=\"clear\"><\/div>\n                    <div class=\"gyan-post-grid-format\">\n                        <figure>\n                            <a href=\"http:\/\/www.yaprakkagit.com\/en\/hello-world\/\" class=\"gyan-post-grid-image\"><img src=\"http:\/\/www.yaprakkagit.com\/wp-content\/uploads\/2020\/11\/yapran12.jpg\" alt=\"\" class=\"gyan-ease-transition\" \/><\/a>\n                        <\/figure>\n                        <div class=\"gyan-post-grid-meta gyan-ease-transition\">\n        <ul><li><span class=\"gyan-love\" data-id=\"1\"><i class=\"fas fa-heart fas-regular\"><\/i><i class=\"fas fa-heart\"><\/i><span class=\"gyan-like-number\">0<\/span><\/span><\/li><li><span class=\"gyan-postmeta-icon\"><i class=\"fas fa-eye\"><\/i><\/span><span class=\"gyan-postmeta-text\">0<\/span><\/li><li><span class=\"gyan-postmeta-icon\"><i class=\"fas fa-comment-dots\"><\/i><\/span><span class=\"gyan-postmeta-text\"><a href=\"http:\/\/www.yaprakkagit.com\/en\/hello-world\/#respond\">0<\/a><\/span><\/li><\/ul>\n    <\/div>\n    <div class=\"clear\"><\/div>                    <\/div>\n                <\/div>\n\n            \n            <div class=\"gyan-post-content-block gyan-ease-transition\">\n                <div class=\"gyan-post-title-section\">\n\n                        <div class=\"gyan-post-grid-content\">\n\n                            <div class=\"gyan-post-title\">\n                                <h2><a href=\"http:\/\/www.yaprakkagit.com\/en\/hello-world\/\">Kag\u0131t Sekt\u00f6r\u00fcnde. 20 Y\u0131l\u0131 A\u015fan Tecr\u00fcbe                                <\/a><\/h2>\n                            <\/div>\n\n                            \n                            \n                                <div class=\"gyan-post-list-excerpt\">\n                                    Yaptak kag\u0131t 20 y\u0131l\u0131 a\u015fk\u0131n s\u00fcredir \u00fclkemizde k\u00e2\u011f\u0131t sekt\u00f6r\u00fcn&#8217;de \u00f6mc\u00fc firmalardan biri                                <\/div>\n\n                            \n                            <div class=\"gyan-post-grid-c-button gyan-ease-transition\">\n                                <a href=\"http:\/\/www.yaprakkagit.com\/en\/hello-world\/\"><span><\/span><\/a>\n                            <\/div>\n\n                                                            <div class=\"gyan-post-grid-date\">\n                                    <span>October 19, 2020<\/span>\n                                <\/div>\n                            \n                            <div class=\"clear\"><\/div>\n\n                        <\/div>\n\n                <\/div>\n                <div class=\"clear\"><\/div>\n            <\/div>\n            <div class=\"clear\"><\/div>\n        <\/div>\n\n    <\/div> <!-- gyan-post-grid-item-inner -->\n<\/div> <!-- gyan-post-grid-item -->\n\n<div class=\"clear\"><\/div>            <\/div><div class=\"clear\"><\/div>\n        <\/div>\n\n         \n        \t\t<\/div>\n\t\t\t\t<\/div>\n\t\t\t\t\t\t<\/div>\n\t\t\t\t\t<\/div>\n\t\t<\/div>\n\t\t\t\t\t\t\t\t<\/div>\n\t\t\t\t\t<\/div>\n\t\t<\/section>\n\t\t\t\t\t\t<\/div>\n\t\t\t\t\t\t<\/div>\n\t\t\t\t\t<\/div>","protected":false},"excerpt":{"rendered":"<p>\u015eirketimiz Hakk\u0131nda KA\u011eITTA 20 YILI A\u015eAN TECR\u00dcBE&#8230; Yaprak kag\u0131t 20 y\u0131l\u0131 a\u015fk\u0131n s\u00fcredir \u00fclkemizde k\u00e2\u011f\u0131t sekt\u00f6r\u00fcn&#8217;de \u00f6mc\u00fc firmalardan biri olman\u0131n hakl\u0131 gururunu ya\u015famaktay\u0131z. Firmam\u0131z, k\u00e2\u011f\u0131tla ilgili bir\u00e7ok yeni \u00fcr\u00fcn\u00fcn \u00fcretilmesi ve sekt\u00f6re kazand\u0131r\u0131lmas\u0131nda \u00f6mc\u00fcl\u00fck yapm\u0131\u015fd\u0131r .Firmam\u0131z, arge yat\u0131r\u0131mlar\u0131na verdi\u011fi \u00f6nem, s\u00fcrekli yenilik ve kalitede s\u00fcrd\u00fcrebilirlik esaslar\u0131 ile m\u00fc\u015fteri memnuniyeti \u00f6l\u00e7\u00fclerini [&hellip;]<\/p>","protected":false},"author":1,"featured_media":0,"parent":0,"menu_order":0,"comment_status":"closed","ping_status":"closed","template":"","meta":[],"_links":{"self":[{"href":"http:\/\/www.yaprakkagit.com\/en\/wp-json\/wp\/v2\/pages\/158"}],"collection":[{"href":"http:\/\/www.yaprakkagit.com\/en\/wp-json\/wp\/v2\/pages"}],"about":[{"href":"http:\/\/www.yaprakkagit.com\/en\/wp-json\/wp\/v2\/types\/page"}],"author":[{"embeddable":true,"href":"http:\/\/www.yaprakkagit.com\/en\/wp-json\/wp\/v2\/users\/1"}],"replies":[{"embeddable":true,"href":"http:\/\/www.yaprakkagit.com\/en\/wp-json\/wp\/v2\/comments?post=158"}],"version-history":[{"count":23,"href":"http:\/\/www.yaprakkagit.com\/en\/wp-json\/wp\/v2\/pages\/158\/revisions"}],"predecessor-version":[{"id":2189,"href":"http:\/\/www.yaprakkagit.com\/en\/wp-json\/wp\/v2\/pages\/158\/revisions\/2189"}],"wp:attachment":[{"href":"http:\/\/www.yaprakkagit.com\/en\/wp-json\/wp\/v2\/media?parent=158"}],"curies":[{"name":"wp","href":"https:\/\/api.w.org\/{rel}","templated":true}]}}