{"id":1741,"date":"2020-04-10T14:25:18","date_gmt":"2020-04-10T14:25:18","guid":{"rendered":"http:\/\/bizix.premiumthemes.in\/?page_id=1741"},"modified":"2020-11-02T21:06:07","modified_gmt":"2020-11-02T21:06:07","slug":"urunlerimiz-2","status":"publish","type":"page","link":"http:\/\/www.yaprakkagit.com\/en\/urunlerimiz-2\/","title":{"rendered":"Our products"},"content":{"rendered":"<div data-elementor-type=\"wp-page\" data-elementor-id=\"1741\" class=\"elementor elementor-1741\" data-elementor-settings=\"[]\">\n\t\t\t\t\t\t<div class=\"elementor-inner\">\n\t\t\t\t\t\t\t<div class=\"elementor-section-wrap\">\n\t\t\t\t\t\t\t<section class=\"elementor-section elementor-top-section elementor-element elementor-element-3a098ff7 elementor-section-stretched elementor-section-boxed elementor-section-height-default elementor-section-height-default\" data-id=\"3a098ff7\" data-element_type=\"section\" data-settings=\"{&quot;stretch_section&quot;:&quot;section-stretched&quot;,&quot;background_background&quot;:&quot;classic&quot;}\">\n\t\t\t\t\t\t<div class=\"elementor-container elementor-column-gap-no\">\n\t\t\t\t\t\t\t<div class=\"elementor-row\">\n\t\t\t\t\t<div class=\"elementor-column elementor-col-100 elementor-top-column elementor-element elementor-element-4d9eaaa1\" data-id=\"4d9eaaa1\" data-element_type=\"column\">\n\t\t\t<div class=\"elementor-column-wrap elementor-element-populated\">\n\t\t\t\t\t\t\t<div class=\"elementor-widget-wrap\">\n\t\t\t\t\t\t<section class=\"elementor-section elementor-inner-section elementor-element elementor-element-57623cdf elementor-section-boxed elementor-section-height-default elementor-section-height-default\" data-id=\"57623cdf\" data-element_type=\"section\">\n\t\t\t\t\t\t<div class=\"elementor-container elementor-column-gap-no\">\n\t\t\t\t\t\t\t<div class=\"elementor-row\">\n\t\t\t\t\t<div class=\"elementor-column elementor-col-33 elementor-inner-column elementor-element elementor-element-193029fe\" data-id=\"193029fe\" data-element_type=\"column\">\n\t\t\t<div class=\"elementor-column-wrap\">\n\t\t\t\t\t\t\t<div class=\"elementor-widget-wrap\">\n\t\t\t\t\t\t\t\t<\/div>\n\t\t\t\t\t<\/div>\n\t\t<\/div>\n\t\t\t\t<div class=\"elementor-column elementor-col-33 elementor-inner-column elementor-element elementor-element-20da0e71\" data-id=\"20da0e71\" data-element_type=\"column\">\n\t\t\t<div class=\"elementor-column-wrap elementor-element-populated\">\n\t\t\t\t\t\t\t<div class=\"elementor-widget-wrap\">\n\t\t\t\t\t\t<div class=\"elementor-element elementor-element-cb32604 gyan-title-st-line-after elementor-widget elementor-widget-gyan_title\" data-id=\"cb32604\" data-element_type=\"widget\" data-widget_type=\"gyan_title.default\">\n\t\t\t\t<div class=\"elementor-widget-container\">\n\t\t\t\t\t<div class=\"gyan-title\">\r\n\t\t\t<div class=\"gyan-title-subtitle\"><span>Yaprak Kagit<\/span><\/div><h2 class=\"gyan-title-heading\">Our products<\/h2>\t\t<\/div>\r\n\t\t\t\t<\/div>\n\t\t\t\t<\/div>\n\t\t\t\t<div class=\"elementor-element elementor-element-7fdecb48 elementor-widget elementor-widget-text-editor\" data-id=\"7fdecb48\" data-element_type=\"widget\" data-widget_type=\"text-editor.default\">\n\t\t\t\t<div class=\"elementor-widget-container\">\n\t\t\t\t\t<div class=\"elementor-text-editor elementor-clearfix\"><\/div>\n\t\t\t\t<\/div>\n\t\t\t\t<\/div>\n\t\t\t\t\t\t<\/div>\n\t\t\t\t\t<\/div>\n\t\t<\/div>\n\t\t\t\t<div class=\"elementor-column elementor-col-33 elementor-inner-column elementor-element elementor-element-b5c4129\" data-id=\"b5c4129\" data-element_type=\"column\">\n\t\t\t<div class=\"elementor-column-wrap\">\n\t\t\t\t\t\t\t<div class=\"elementor-widget-wrap\">\n\t\t\t\t\t\t\t\t<\/div>\n\t\t\t\t\t<\/div>\n\t\t<\/div>\n\t\t\t\t\t\t\t\t<\/div>\n\t\t\t\t\t<\/div>\n\t\t<\/section>\n\t\t\t\t<div class=\"elementor-element elementor-element-3584cd4f elementor-grid-4 elementor-grid-tablet-2 elementor-grid-mobile-1 elementor-widget elementor-widget-gyan_services_full_text\" data-id=\"3584cd4f\" data-element_type=\"widget\" data-settings=\"{&quot;columns&quot;:&quot;4&quot;,&quot;columns_tablet&quot;:&quot;2&quot;,&quot;columns_mobile&quot;:&quot;1&quot;}\" data-widget_type=\"gyan_services_full_text.default\">\n\t\t\t\t<div class=\"elementor-widget-container\">\n\t\t\t\n\t\t<div class=\"gyan-services-full-container gyan-services-full-container-3584cd4f\" data-layout=\"masonry\" data-rtl=\"false\">\n\n\t\t\t<div class=\"gyan-services-full-items gyan-elementor-grid\">\n\n\t\t\t\t\n\t\t\t\t\t<div class=\"gyan-service-full-item gyan-grid-item-wrap\">\n\t\t\t\t\t\t<div class=\"gyan-services-full gyan-grid-item gyan-ease-transition\">\n\t\t\t\t\t\t\t<div class=\"gyan-services-full-img\"><img src=\"http:\/\/www.yaprakkagit.com\/wp-content\/uploads\/2020\/10\/service4-kopya.jpg\" alt=\"\"><\/div><div class=\"gyan-services-full-content\"><div class=\"gyan-services-full-icon-wrap\"><div class=\"gyan-services-full-icon gyan-icon\"><img src=\"http:\/\/www.yaprakkagit.com\/wp-content\/uploads\/2020\/02\/icon-chat.png\" alt=\"\"><\/div><\/div><div class=\"gyan-services-full-title-desc\"><h6 class=\"gyan-services-full-title\"><a href=\"http:\/\/www.yaprakkagit.com\/en\/portfolio-item\/yaprak-ar-gold-kagit\/\" class=\"gyan-service-full-link\">Yaprak Ar Gold Kag\u0131t<\/a><\/h6><div class=\"gyan-services-full-desc\">Is\u0131 presinde \u00e7ok h\u0131zl\u0131 transfer s\u00fcresi oran\u0131\nM\u00fckemmel boya transfer verimlili\u011fi\nH\u0131zl\u0131 m\u00fcrekkep emilimi ve kuruma ko\u015fullar\u0131<\/div><\/div><a href=\"http:\/\/www.yaprakkagit.com\/en\/portfolio-item\/yaprak-ar-gold-kagit\/\" class=\"gyan-service-full-link gyan-services-full-button gyan-ease-transition gyan-flex\"><span class=\"gyan-services-full-button-text\">\u00dcr\u00fcn\u00fc \u0130ncele<\/span><span class=\"gyan-services-full-button-arrow\"><\/span><\/a><\/div>\t\t\t\t\t\t<\/div>\n\t\t\t\t\t<\/div>\n\n\t\t\t\t \n\t\t\t\t\t<div class=\"gyan-service-full-item gyan-grid-item-wrap\">\n\t\t\t\t\t\t<div class=\"gyan-services-full gyan-grid-item gyan-ease-transition\">\n\t\t\t\t\t\t\t<div class=\"gyan-services-full-img\"><img src=\"http:\/\/www.yaprakkagit.com\/wp-content\/uploads\/2020\/10\/service4-kopya.jpg\" alt=\"\"><\/div><div class=\"gyan-services-full-content\"><div class=\"gyan-services-full-icon-wrap\"><div class=\"gyan-services-full-icon gyan-icon\"><img src=\"http:\/\/www.yaprakkagit.com\/wp-content\/uploads\/2020\/02\/icon-chat.png\" alt=\"\"><\/div><\/div><div class=\"gyan-services-full-title-desc\"><h6 class=\"gyan-services-full-title\"><a href=\"http:\/\/www.yaprakkagit.com\/en\/portfolio-item\/yaprak-st-kagit\/\" class=\"gyan-service-full-link\">Yaprak- ST Kag\u0131t<\/a><\/h6><div class=\"gyan-services-full-desc\">Is\u0131 presinde \u00e7ok h\u0131zl\u0131 transfer s\u00fcresi oran\u0131\nM\u00fckemmel boya transfer verimlili\u011fi\nH\u0131zl\u0131 m\u00fcrekkep emilimi ve kuruma ko\u015fullar\u0131<\/div><\/div><a href=\"http:\/\/www.yaprakkagit.com\/en\/portfolio-item\/yaprak-st-kagit\/\" class=\"gyan-service-full-link gyan-services-full-button gyan-ease-transition gyan-flex\"><span class=\"gyan-services-full-button-text\">\u00dcr\u00fcn\u00fc \u0130ncele<\/span><span class=\"gyan-services-full-button-arrow\"><\/span><\/a><\/div>\t\t\t\t\t\t<\/div>\n\t\t\t\t\t<\/div>\n\n\t\t\t\t \n\t\t\t\t\t<div class=\"gyan-service-full-item gyan-grid-item-wrap\">\n\t\t\t\t\t\t<div class=\"gyan-services-full gyan-grid-item gyan-ease-transition\">\n\t\t\t\t\t\t\t<div class=\"gyan-services-full-img\"><img src=\"http:\/\/www.yaprakkagit.com\/wp-content\/uploads\/2020\/10\/service4-kopya.jpg\" alt=\"\"><\/div><div class=\"gyan-services-full-content\"><div class=\"gyan-services-full-icon-wrap\"><div class=\"gyan-services-full-icon gyan-icon\"><img src=\"http:\/\/www.yaprakkagit.com\/wp-content\/uploads\/2020\/02\/icon-chat.png\" alt=\"\"><\/div><\/div><div class=\"gyan-services-full-title-desc\"><h6 class=\"gyan-services-full-title\"><a href=\"http:\/\/www.yaprakkagit.com\/en\/portfolio-item\/yaprak-hb-kagit\/\" class=\"gyan-service-full-link\">Yaprak - HB Kag\u0131t<\/a><\/h6><div class=\"gyan-services-full-desc\">Is\u0131 presinde \u00e7ok h\u0131zl\u0131 transfer s\u00fcresi oran\u0131\nM\u00fckemmel boya transfer verimlili\u011fi\nH\u0131zl\u0131 m\u00fcrekkep emilimi ve kuruma ko\u015fullar\u0131<\/div><\/div><a href=\"http:\/\/www.yaprakkagit.com\/en\/portfolio-item\/yaprak-hb-kagit\/\" class=\"gyan-service-full-link gyan-services-full-button gyan-ease-transition gyan-flex\"><span class=\"gyan-services-full-button-text\">\u00dcr\u00fcn\u00fc \u0130ncele<\/span><span class=\"gyan-services-full-button-arrow\"><\/span><\/a><\/div>\t\t\t\t\t\t<\/div>\n\t\t\t\t\t<\/div>\n\n\t\t\t\t \n\t\t\t\t\t<div class=\"gyan-service-full-item gyan-grid-item-wrap\">\n\t\t\t\t\t\t<div class=\"gyan-services-full gyan-grid-item gyan-ease-transition\">\n\t\t\t\t\t\t\t<div class=\"gyan-services-full-img\"><img src=\"http:\/\/www.yaprakkagit.com\/wp-content\/uploads\/2020\/10\/service4-kopya.jpg\" alt=\"\"><\/div><div class=\"gyan-services-full-content\"><div class=\"gyan-services-full-icon-wrap\"><div class=\"gyan-services-full-icon gyan-icon\"><img src=\"http:\/\/www.yaprakkagit.com\/wp-content\/uploads\/2020\/02\/icon-chat.png\" alt=\"\"><\/div><\/div><div class=\"gyan-services-full-title-desc\"><h6 class=\"gyan-services-full-title\"><a href=\"http:\/\/www.yaprakkagit.com\/en\/portfolio-item\/koruma-kagitlari\/\" class=\"gyan-service-full-link\">Protection Papers<\/a><\/h6><div class=\"gyan-services-full-desc\">Is\u0131 presinde \u00e7ok h\u0131zl\u0131 transfer s\u00fcresi oran\u0131\nM\u00fckemmel boya transfer verimlili\u011fi\nH\u0131zl\u0131 m\u00fcrekkep emilimi ve kuruma ko\u015fullar\u0131<\/div><\/div><a href=\"http:\/\/www.yaprakkagit.com\/en\/portfolio-item\/koruma-kagitlari\/\" class=\"gyan-service-full-link gyan-services-full-button gyan-ease-transition gyan-flex\"><span class=\"gyan-services-full-button-text\">\u00dcr\u00fcn\u00fc \u0130ncele<\/span><span class=\"gyan-services-full-button-arrow\"><\/span><\/a><\/div>\t\t\t\t\t\t<\/div>\n\t\t\t\t\t<\/div>\n\n\t\t\t\t \n\t\t\t <\/div> <!-- gyan-services-full-items -->\n\t\t\t <div class=\"clear\"><\/div>\n\n\t\t<\/div>\n\n\t\t\t<\/div>\n\t\t\t\t<\/div>\n\t\t\t\t\t\t<\/div>\n\t\t\t\t\t<\/div>\n\t\t<\/div>\n\t\t\t\t\t\t\t\t<\/div>\n\t\t\t\t\t<\/div>\n\t\t<\/section>\n\t\t\t\t\t\t<\/div>\n\t\t\t\t\t\t<\/div>\n\t\t\t\t\t<\/div>","protected":false},"excerpt":{"rendered":"<p>Yaprak Kagit \u00dcr\u00fcnlerimiz Yaprak Ar Gold Kag\u0131t Is\u0131 presinde \u00e7ok h\u0131zl\u0131 transfer s\u00fcresi oran\u0131 M\u00fckemmel boya transfer verimlili\u011fi H\u0131zl\u0131 m\u00fcrekkep emilimi ve kuruma ko\u015fullar\u0131\u00dcr\u00fcn\u00fc \u0130ncele Yaprak- ST Kag\u0131t Is\u0131 presinde \u00e7ok h\u0131zl\u0131 transfer s\u00fcresi oran\u0131 M\u00fckemmel boya transfer verimlili\u011fi H\u0131zl\u0131 m\u00fcrekkep emilimi ve kuruma ko\u015fullar\u0131\u00dcr\u00fcn\u00fc \u0130ncele Yaprak &#8211; HB Kag\u0131t [&hellip;]<\/p>","protected":false},"author":1,"featured_media":1947,"parent":0,"menu_order":0,"comment_status":"closed","ping_status":"closed","template":"","meta":[],"_links":{"self":[{"href":"http:\/\/www.yaprakkagit.com\/en\/wp-json\/wp\/v2\/pages\/1741"}],"collection":[{"href":"http:\/\/www.yaprakkagit.com\/en\/wp-json\/wp\/v2\/pages"}],"about":[{"href":"http:\/\/www.yaprakkagit.com\/en\/wp-json\/wp\/v2\/types\/page"}],"author":[{"embeddable":true,"href":"http:\/\/www.yaprakkagit.com\/en\/wp-json\/wp\/v2\/users\/1"}],"replies":[{"embeddable":true,"href":"http:\/\/www.yaprakkagit.com\/en\/wp-json\/wp\/v2\/comments?post=1741"}],"version-history":[{"count":8,"href":"http:\/\/www.yaprakkagit.com\/en\/wp-json\/wp\/v2\/pages\/1741\/revisions"}],"predecessor-version":[{"id":2076,"href":"http:\/\/www.yaprakkagit.com\/en\/wp-json\/wp\/v2\/pages\/1741\/revisions\/2076"}],"wp:featuredmedia":[{"embeddable":true,"href":"http:\/\/www.yaprakkagit.com\/en\/wp-json\/wp\/v2\/media\/1947"}],"wp:attachment":[{"href":"http:\/\/www.yaprakkagit.com\/en\/wp-json\/wp\/v2\/media?parent=1741"}],"curies":[{"name":"wp","href":"https:\/\/api.w.org\/{rel}","templated":true}]}}